{"id":836,"date":"2022-04-26T15:21:40","date_gmt":"2022-04-26T15:21:40","guid":{"rendered":"https:\/\/vlslibrary.ecampusontario.ca\/?page_id=836"},"modified":"2022-05-02T19:17:45","modified_gmt":"2022-05-02T19:17:45","slug":"rechercher-des-articles","status":"publish","type":"page","link":"https:\/\/vlslibrary.ecampusontario.ca\/fr\/rechercher-des-articles\/","title":{"rendered":"La collection de la SAV"},"content":{"rendered":"\n<p>La collection de la SAV permet aux \u00e9ducateurs et aux apprenants admissibles de l\u2019Ontario d\u2019acc\u00e9der \u00e0 des ressources p\u00e9dagogiques en ligne gratuites et de haute qualit\u00e9 qui soutiennent l\u2019apprentissage hybride, tout en permettant des parcours d\u2019apprentissage permanents flexibles et en encourageant la collaboration \u00e0 l\u2019\u00e9chelle du r\u00e9seau, en \u00e9tendant l\u2019acc\u00e8s des \u00e9tablissements de l\u2019Ontario au march\u00e9 mondial de l\u2019apprentissage virtuel. Les ressources sont mises \u00e0 la disposition des \u00e9ducateurs et des apprenants admissibles de l\u2019Ontario, soit par l\u2019interm\u00e9diaire des\u00a0<a href=\"https:\/\/vlslibrary.ecampusontario.ca\/fr\/#access\" target=\"_blank\" rel=\"noreferrer noopener\">licences Ontario Commons<\/a> ou par un acc\u00e8s mondial gr\u00e2ce \u00e0 une licence ouverte (p. ex. la licence Creative Commons). Consultez la collection pour trouver votre prochaine ressource! Utilisez les filtres pour affiner les r\u00e9sultats de votre recherche.<\/p>\n\n\n<base href=''><link href=\"https:\/\/fonts.googleapis.com\/icon?family=Material+Icons\" rel=\"stylesheet\"><link rel='stylesheet' href='https:\/\/vlslibrary.ecampusontario.ca\/wp-content\/plugins\/open-library\/open-library-ng\/item-list-dist\/fr\/styles.css'><app-root><\/app-root><app-redirect><\/app-redirect><script>window.lang = 'fr'<\/script><script>window.blockType = 'item-list'<\/script><script>window.settingsData = {\"communities\":[{\"label\":\"CVLP Collection\",\"value\":1,\"checked\":true,\"_depth\":0,\"_id\":\"rdts1-0\",\"_focused\":true},{\"label\":\"VLS Collection\",\"value\":5,\"checked\":true,\"_depth\":0,\"_id\":\"rdts1-4\"}]}<\/script><script>window.itemDetailsData = []<\/script><script src='https:\/\/vlslibrary.ecampusontario.ca\/wp-content\/plugins\/open-library\/open-library-ng\/item-list-dist\/fr\/runtime.js'><\/script><script src='https:\/\/vlslibrary.ecampusontario.ca\/wp-content\/plugins\/open-library\/open-library-ng\/item-list-dist\/fr\/polyfills.js'><\/script><script src='https:\/\/vlslibrary.ecampusontario.ca\/wp-content\/plugins\/open-library\/open-library-ng\/item-list-dist\/fr\/main.js'><\/script>","protected":false},"excerpt":{"rendered":"<p>La collection de la SAV permet aux \u00e9ducateurs et aux apprenants admissibles de l\u2019Ontario d\u2019acc\u00e9der \u00e0 des ressources p\u00e9dagogiques en ligne gratuites et de haute qualit\u00e9 qui soutiennent l\u2019apprentissage hybride, tout en permettant des parcours d\u2019apprentissage permanents flexibles et en encourageant la collaboration \u00e0 l\u2019\u00e9chelle du r\u00e9seau, en \u00e9tendant l\u2019acc\u00e8s des \u00e9tablissements de l\u2019Ontario au [&hellip;]<\/p>\n","protected":false},"author":8,"featured_media":0,"parent":0,"menu_order":0,"comment_status":"closed","ping_status":"closed","template":"","meta":{"footnotes":""},"class_list":["post-836","page","type-page","status-publish","hentry"],"_links":{"self":[{"href":"https:\/\/vlslibrary.ecampusontario.ca\/fr\/wp-json\/wp\/v2\/pages\/836","targetHints":{"allow":["GET"]}}],"collection":[{"href":"https:\/\/vlslibrary.ecampusontario.ca\/fr\/wp-json\/wp\/v2\/pages"}],"about":[{"href":"https:\/\/vlslibrary.ecampusontario.ca\/fr\/wp-json\/wp\/v2\/types\/page"}],"author":[{"embeddable":true,"href":"https:\/\/vlslibrary.ecampusontario.ca\/fr\/wp-json\/wp\/v2\/users\/8"}],"replies":[{"embeddable":true,"href":"https:\/\/vlslibrary.ecampusontario.ca\/fr\/wp-json\/wp\/v2\/comments?post=836"}],"version-history":[{"count":7,"href":"https:\/\/vlslibrary.ecampusontario.ca\/fr\/wp-json\/wp\/v2\/pages\/836\/revisions"}],"predecessor-version":[{"id":879,"href":"https:\/\/vlslibrary.ecampusontario.ca\/fr\/wp-json\/wp\/v2\/pages\/836\/revisions\/879"}],"wp:attachment":[{"href":"https:\/\/vlslibrary.ecampusontario.ca\/fr\/wp-json\/wp\/v2\/media?parent=836"}],"curies":[{"name":"wp","href":"https:\/\/api.w.org\/{rel}","templated":true}]}}