{"id":790,"date":"2022-04-13T15:12:47","date_gmt":"2022-04-13T15:12:47","guid":{"rendered":"https:\/\/vlslibrary.ecampusontario.ca\/690-2\/"},"modified":"2023-05-05T15:35:27","modified_gmt":"2023-05-05T15:35:27","slug":"portes-ouvertes-de-la-collection-sav","status":"publish","type":"page","link":"https:\/\/vlslibrary.ecampusontario.ca\/fr\/portes-ouvertes-de-la-collection-sav\/","title":{"rendered":"La journ\u00e9e portes ouvertes de la SAV"},"content":{"rendered":"\n<figure class=\"wp-block-image size-large\"><img loading=\"lazy\" decoding=\"async\" width=\"1024\" height=\"267\" src=\"https:\/\/vlslibrary.ecampusontario.ca\/wp-content\/uploads\/sites\/4\/2023\/04\/VLS-OpenHouse-Banner-1025x343-FR-1024x267.png\" alt=\"\" class=\"wp-image-1249\" srcset=\"https:\/\/vlslibrary.ecampusontario.ca\/wp-content\/uploads\/sites\/4\/2023\/04\/VLS-OpenHouse-Banner-1025x343-FR-1024x267.png 1024w, https:\/\/vlslibrary.ecampusontario.ca\/wp-content\/uploads\/sites\/4\/2023\/04\/VLS-OpenHouse-Banner-1025x343-FR-300x78.png 300w, https:\/\/vlslibrary.ecampusontario.ca\/wp-content\/uploads\/sites\/4\/2023\/04\/VLS-OpenHouse-Banner-1025x343-FR-768x200.png 768w, https:\/\/vlslibrary.ecampusontario.ca\/wp-content\/uploads\/sites\/4\/2023\/04\/VLS-OpenHouse-Banner-1025x343-FR-1536x401.png 1536w, https:\/\/vlslibrary.ecampusontario.ca\/wp-content\/uploads\/sites\/4\/2023\/04\/VLS-OpenHouse-Banner-1025x343-FR.png 1921w\" sizes=\"auto, (max-width: 1024px) 100vw, 1024px\" \/><\/figure>\n\n\n\n<h2 class=\"wp-block-heading\">\u00c9largir l\u2019univers des ressources \u00e9ducatives libres (REL) cr\u00e9\u00e9es en Ontario.<\/h2>\n\n\n\n<p class=\"has-black-color has-text-color\" style=\"font-size:17px\">eCampusOntario vous invite \u00e0 la journ\u00e9e portes ouvertes de la collection de la Strat\u00e9gie d\u2019apprentissage virtuel (SAV) qui aura lieu du 1<sup>er&nbsp;<\/sup>au 3&nbsp;mai&nbsp;2023. Cet \u00e9v\u00e9nement virtuel de trois jours r\u00e9unira des cr\u00e9ateurs de projets qui discuteront des le\u00e7ons tir\u00e9es de leur exp\u00e9rience et de leur parcours dans le domaine de l\u2019\u00e9ducation libre, et pr\u00e9senteront des s\u00e9lections de la collection \u00e9largie de ressources \u00e9ducatives libres (REL) de la SAV cr\u00e9\u00e9es en Ontario et destin\u00e9es \u00e0 l\u2019Ontario en premier lieu.<\/p>\n\n\n\n<p class=\"has-black-color has-text-color\" style=\"font-size:17px\">Joignez-vous \u00e0 nous pour d\u00e9couvrir les r\u00e9sultats de l\u2019investissement historique dans la SAV du minist\u00e8re des Coll\u00e8ges et Universit\u00e9s de l\u2019Ontario. La journ\u00e9e portes ouvertes constitue \u00e9galement l\u2019occasion d\u2019entrer en contact avec des pairs de tout le secteur et d\u2019en apprendre davantage sur l\u2019incroyable travail accompli par les \u00e9quipes de projet de la SAV.&nbsp;<\/p>\n\n\n\n<p class=\"has-black-color has-text-color\" style=\"font-size:17px\">L\u2019\u00e9v\u00e9nement sera enregistr\u00e9 et les enregistrements seront accessibles sur la cha\u00eene Youtube d&rsquo;eCampusOntario apr\u00e8s l\u2019\u00e9v\u00e9nement. Besoin d\u2019une traduction en direct vers le fran\u00e7ais? Adressez-vous \u00e0 <strong>communications@ecampusontario.ca<\/strong> avant le <strong>10&nbsp;avril&nbsp;2023<\/strong>.<\/p>\n\n\n\n<p class=\"has-black-color has-text-color\" style=\"font-size:17px\">Vous trouverez ci-dessous le programme de l\u2019\u00e9v\u00e9nement. Inscrivez-vous d\u00e8s maintenant pour garantir votre place!<\/p>\n\n\n\n<p><a id=\"_msocom_1\"><\/a><\/p>\n\n\n\n<h3 class=\"wp-block-heading\">Lundi 2 mai 2023 : <strong>Le parcours de la SAV<\/strong><\/h3>\n\n\n\n<div class=\"wp-block-columns is-layout-flex wp-container-core-columns-is-layout-9d6595d7 wp-block-columns-is-layout-flex\">\n<div class=\"wp-block-column open-house-half-col display-flex has-background is-layout-flow wp-block-column-is-layout-flow\" style=\"background-color:#fcf3da\">\n<h3 class=\"wp-block-heading\">S\u00e9ance&nbsp;du matin<\/h3>\n\n\n\n<p class=\"event-time has-medium-font-size\">De 10&nbsp;h \u00e0 11&nbsp;h (HNE)<\/p>\n\n\n\n<p class=\"has-medium-font-size\"><strong>Mot de bienvenue et table ronde sur la cr\u00e9ation de REL<\/strong><\/p>\n\n\n\n<p class=\"has-medium-font-size\">Joignez-vous \u00e0 nous pour une table ronde sur la cr\u00e9ation de REL avec les \u00e9quipes de projet des premier et deuxi\u00e8me cycles de financement en appui \u00e0 la SAV. Les intervenants sont Robert McKeown de l&rsquo;Universit\u00e9 de York, Sumon Majumdar de l&rsquo;Universit\u00e9 de Queens, Gary Danner du Fanshawe College et Joanna Kurowski du Fanshawe College.<\/p>\n\n\n\n<a class=\"btn btn-primary mt-auto\" target=\"_blank\" href=\"https:\/\/www.youtube.com\/watch?v=CviDyNCFa2I\" rel=\"noopener\">Regardez maintenant<\/a>\n<\/div>\n\n\n\n<div class=\"wp-block-column open-house-half-col display-flex has-background is-layout-flow wp-block-column-is-layout-flow\" style=\"background-color:#fcf3da\">\n<h3 class=\"wp-block-heading\">S\u00e9ance&nbsp;de l&rsquo;apr\u00e8s-midi<\/h3>\n\n\n\n<p class=\"event-time has-medium-font-size\">De 14&nbsp;h \u00e0 15&nbsp;h (HNE)<\/p>\n\n\n\n<p class=\"has-medium-font-size\"><strong>Table ronde sur l\u2019adoption et l\u2019adaptation<\/strong><\/p>\n\n\n\n<p class=\"has-medium-font-size\">Joignez-vous \u00e0 nous pour une table ronde avec des \u00e9ducateurs de l&rsquo;Ontario sur leurs exp\u00e9riences en mati\u00e8re de recherche, d&rsquo;adoption et m\u00eame d&rsquo;adaptation des REL \u00e0 leur travail d&rsquo;enseignement. Les pan\u00e9listes sont Kyle Belozerov de York University, Derek A. Jackson de York University et Shraddha Wilfred, professeur au Canadore College (Entrepreneurship Academy) et conf\u00e9rencier \u00e0 University of Toronto.<\/p>\n\n\n\n<a class=\"btn btn-primary mt-auto\" target=\"_blank\" href=\"https:\/\/www.youtube.com\/watch?v=FXzL_r5sUac\" rel=\"noopener\">S&rsquo;inscrire maintenant<\/a>\n<\/div>\n<\/div>\n\n\n\n<h3 class=\"wp-block-heading\">Mardi 2 mai 2023 : <strong>Faits saillants de la SAV<\/strong><\/h3>\n\n\n\n<div class=\"wp-block-columns is-layout-flex wp-container-core-columns-is-layout-9d6595d7 wp-block-columns-is-layout-flex\">\n<div class=\"wp-block-column open-house-half-col display-flex has-background is-layout-flow wp-block-column-is-layout-flow\" style=\"background-color:#fcf3da\">\n<h3 class=\"wp-block-heading\">S\u00e9ance&nbsp;du matin<\/h3>\n\n\n\n<p class=\"event-time has-medium-font-size\">De 10&nbsp;h \u00e0 11&nbsp;h (HNE)<\/p>\n\n\n\n<p class=\"has-medium-font-size\">Doter les \u00e9tudiants dipl\u00f4m\u00e9s de comp\u00e9tences professionnelles et d\u2019apprentissage permanent et leur donner les moyens d\u2019agir : un cours en ligne \u2013 Alison Flynn, Universit\u00e9 d\u2019Ottawa; Connor Bourgonje, Universit\u00e9 d\u2019Ottawa; Isabelle Barrette-Ng, University of Windsor.<\/p>\n\n\n\n<p>Liens vers la REL : <a href=\"https:\/\/openlibrary.ecampusontario.ca\/fr\/item-details\/#\/bb4af121-d00d-4ff4-a84a-bd87ea947c99\" data-type=\"URL\" data-id=\"https:\/\/openlibrary.ecampusontario.ca\/fr\/item-details\/#\/bb4af121-d00d-4ff4-a84a-bd87ea947c99\">[1]<\/a><\/p>\n\n\n\n<p class=\"has-medium-font-size\">Comp\u00e9tences en mati\u00e8re d\u2019id\u00e9ation, de planification et d\u2019innovation sur le lieu de travail pour la r\u00e9ussite professionnelle \u2013 Carrie Proctor M.Ed., University of Toronto; Leneque Wilson MSW, RSW, PMP, University of Toronto; Jessica Wurster PhD, University of Toronto<\/p>\n\n\n\n<p>Liens vers la REL : <a href=\"https:\/\/openlibrary.ecampusontario.ca\/fr\/item-details\/#\/1bd54220-070c-4f6c-adb2-27c83c7309c1\" data-type=\"URL\" data-id=\"https:\/\/openlibrary.ecampusontario.ca\/fr\/item-details\/#\/1bd54220-070c-4f6c-adb2-27c83c7309c1\">[1]<\/a>, <a href=\"https:\/\/openlibrary.ecampusontario.ca\/fr\/item-details\/#\/19b1258d-90cd-4ed1-8860-66fd1802d160\" data-type=\"URL\" data-id=\"https:\/\/openlibrary.ecampusontario.ca\/fr\/item-details\/#\/19b1258d-90cd-4ed1-8860-66fd1802d160\">[2]<\/a><\/p>\n\n\n\n<a class=\"btn btn-primary mt-auto\" target=\"_blank\" href=\"https:\/\/www.youtube.com\/watch?v=OoRDouXb_4I&amp;list=PLqFEwBGIzw-BJWfA0A94IMWSvyfJd6Jms&amp;index=5\" rel=\"noopener\">Regardez maintenant<\/a>\n<\/div>\n\n\n\n<div class=\"wp-block-column open-house-half-col display-flex has-background is-layout-flow wp-block-column-is-layout-flow\" style=\"background-color:#fcf3da\">\n<h3 class=\"wp-block-heading\">S\u00e9ance&nbsp;de l&rsquo;apr\u00e8s-midi<\/h3>\n\n\n\n<p class=\"event-time has-medium-font-size\">De 14&nbsp;h \u00e0 15&nbsp;h (HNE)<\/p>\n\n\n\n<p class=\"has-medium-font-size\">Simulations interprofessionnelles en offre active de services en fran\u00e7ais : satisfaction et d\u00e9veloppement de la comp\u00e9tence en offre active (en fran\u00e7ais et anglais) \u2013 Isabelle Giroux, Universit\u00e9 d&rsquo;Ottawa<\/p>\n\n\n\n<p>Lien vers la REL&nbsp;: <a href=\"https:\/\/openlibrary.ecampusontario.ca\/item-details\/#\/9ff1b89d-5467-46fc-9be9-0af888f43e45\" data-type=\"URL\" data-id=\"https:\/\/openlibrary.ecampusontario.ca\/item-details\/#\/9ff1b89d-5467-46fc-9be9-0af888f43e45\">[1]<\/a>, <a href=\"https:\/\/openlibrary.ecampusontario.ca\/item-details\/#\/b427319d-5395-4ef9-853a-a8e663948b72\" data-type=\"URL\" data-id=\"https:\/\/openlibrary.ecampusontario.ca\/item-details\/#\/b427319d-5395-4ef9-853a-a8e663948b72\">[2]<\/a>, <a href=\"https:\/\/openlibrary.ecampusontario.ca\/item-details\/#\/424f661f-5b60-4546-8cf8-70423251dbf5\" data-type=\"URL\" data-id=\"https:\/\/openlibrary.ecampusontario.ca\/item-details\/#\/424f661f-5b60-4546-8cf8-70423251dbf5\">[3]<\/a>, <a href=\"https:\/\/openlibrary.ecampusontario.ca\/item-details\/#\/d5533c81-67a5-44d5-b269-b821bcdfbc0a\" data-type=\"URL\" data-id=\"https:\/\/openlibrary.ecampusontario.ca\/item-details\/#\/d5533c81-67a5-44d5-b269-b821bcdfbc0a\">[4]<\/a>, <a href=\"https:\/\/openlibrary.ecampusontario.ca\/item-details\/#\/f7369a48-dccd-4301-bc61-470d15aa190b\" data-type=\"URL\" data-id=\"https:\/\/openlibrary.ecampusontario.ca\/item-details\/#\/f7369a48-dccd-4301-bc61-470d15aa190b\">[5]<\/a>, <a href=\"https:\/\/openlibrary.ecampusontario.ca\/item-details\/#\/b1632ebf-c7be-49bb-ae52-51d375bb415c\" data-type=\"URL\" data-id=\"https:\/\/openlibrary.ecampusontario.ca\/item-details\/#\/b1632ebf-c7be-49bb-ae52-51d375bb415c\">[6]<\/a><\/p>\n\n\n\n<p class=\"has-medium-font-size\">Enseigner et apprendre le droit dans le m\u00e9tavers \u2013 Stephanie Ben-Ishai, York University; David Sandomierksi, York University<\/p>\n\n\n\n<p>Lien vers la REL\u00a0: <a href=\"https:\/\/openlibrary.ecampusontario.ca\/fr\/item-details\/#\/68f05580-0567-4f8e-81ca-95641ed1215c\" data-type=\"URL\" data-id=\"https:\/\/openlibrary.ecampusontario.ca\/fr\/item-details\/#\/68f05580-0567-4f8e-81ca-95641ed1215c\">[1]<\/a><\/p>\n\n\n\n<a class=\"btn btn-primary mt-auto\" target=\"_blank\" href=\"https:\/\/www.youtube.com\/watch?v=64xKIAczs3o&amp;list=PLqFEwBGIzw-BJWfA0A94IMWSvyfJd6Jms&amp;index=3\" rel=\"noopener\">Regardez maintenant<\/a>\n<\/div>\n<\/div>\n\n\n\n<h3 class=\"wp-block-heading\">Mercredi 3 mai 2023 : <strong>Faits saillants de la SAV<\/strong><\/h3>\n\n\n\n<div class=\"wp-block-columns is-layout-flex wp-container-core-columns-is-layout-9d6595d7 wp-block-columns-is-layout-flex\">\n<div class=\"wp-block-column open-house-half-col display-flex has-background is-layout-flow wp-block-column-is-layout-flow\" style=\"background-color:#fcf3da\">\n<h3 class=\"wp-block-heading\">S\u00e9ance&nbsp;du matin<\/h3>\n\n\n\n<p class=\"event-time has-medium-font-size\">De 10&nbsp;h \u00e0 11&nbsp;h (HNE)<\/p>\n\n\n\n<p class=\"has-medium-font-size\"><a href=\"https:\/\/www.inclusivescience4all.ca\/page-daccueil\" data-type=\"URL\" data-id=\"https:\/\/www.inclusivescience4all.ca\/page-daccueil\">La science inclusive pour tous<\/a> : un outil pour int\u00e9grer l&rsquo;\u00e9quit\u00e9, la diversit\u00e9 et l&rsquo;inclusion dans les sciences biom\u00e9dicales &#8211; Olivia Ghosh-Swaby BSc., Western University; Jaskarn Dhaliwal MSc., Western University; Shams Al-Badri MSc., Western University; Dr. Nicole Campbell PhD, Western University<\/p>\n\n\n\n<p>Lien vers la REL : <a href=\"https:\/\/openlibrary.ecampusontario.ca\/fr\/item-details\/#\/aff4c794-1253-47ae-8783-6b0fd1662507\" data-type=\"URL\" data-id=\"https:\/\/openlibrary.ecampusontario.ca\/fr\/item-details\/#\/aff4c794-1253-47ae-8783-6b0fd1662507\">[1]<\/a><\/p>\n\n\n\n<p class=\"has-medium-font-size\">Cr\u00e9er une ressource \u00e9ducative libre interactive et autonome \u2013 Judi McCuaig, University of Guelph; Marshall Asch, University of Guelph<\/p>\n\n\n\n<p>Lien vers la REL : <a href=\"https:\/\/openlibrary.ecampusontario.ca\/fr\/item-details\/#\/554343b3-6f6a-4b2f-b988-5451dc215fea\" data-type=\"URL\" data-id=\"https:\/\/openlibrary.ecampusontario.ca\/fr\/item-details\/#\/554343b3-6f6a-4b2f-b988-5451dc215fea\">[1]<\/a>, <a href=\"https:\/\/openlibrary.ecampusontario.ca\/fr\/item-details\/#\/3f51cdba-3dd2-49de-b3e4-1e3f9d44a157\" data-type=\"URL\" data-id=\"https:\/\/openlibrary.ecampusontario.ca\/fr\/item-details\/#\/3f51cdba-3dd2-49de-b3e4-1e3f9d44a157\">[2]<\/a>, <a href=\"https:\/\/openlibrary.ecampusontario.ca\/fr\/item-details\/#\/2def66b8-4b05-4681-9f96-a4f62fe91d0d\" data-type=\"URL\" data-id=\"https:\/\/openlibrary.ecampusontario.ca\/fr\/item-details\/#\/2def66b8-4b05-4681-9f96-a4f62fe91d0d\">[3]<\/a>, <a href=\"https:\/\/openlibrary.ecampusontario.ca\/fr\/item-details\/#\/500ebafe-d019-4fde-8594-1be6a12e2383\" data-type=\"URL\" data-id=\"https:\/\/openlibrary.ecampusontario.ca\/fr\/item-details\/#\/500ebafe-d019-4fde-8594-1be6a12e2383\">[4]<\/a><\/p>\n\n\n\n<a class=\"btn btn-primary mt-auto\" target=\"_blank\" href=\"https:\/\/www.youtube.com\/watch?v=NKfHqj9YUCU&amp;list=PLqFEwBGIzw-BJWfA0A94IMWSvyfJd6Jms&amp;index=4\" rel=\"noopener\">Regardez maintenant<\/a>\n<\/div>\n\n\n\n<div class=\"wp-block-column open-house-half-col display-flex has-background is-layout-flow wp-block-column-is-layout-flow\" style=\"background-color:#fcf3da\">\n<h3 class=\"wp-block-heading\">S\u00e9ance&nbsp;de l&rsquo;apr\u00e8s-midi<\/h3>\n\n\n\n<p class=\"event-time has-medium-font-size\">De 14&nbsp;h \u00e0 15&nbsp;h&nbsp;30 (HNE)<\/p>\n\n\n\n<p class=\"has-medium-font-size\">Une exp\u00e9rience immersive de r\u00e9alit\u00e9 virtuelle pour l\u2019autogestion du stress et de l\u2019anxi\u00e9t\u00e9 \u2013 Maddie Venables, Universit\u00e9 d\u2019Ottawa; Jeffrey Puncher, Universit\u00e9 d\u2019Ottawa; Douglas Archibald, Bruy\u00e8re<\/p>\n\n\n\n<p>Lien vers la REL&nbsp;: <a href=\"https:\/\/openlibrary.ecampusontario.ca\/fr\/item-details\/#\/9678e0aa-5b22-4ac0-bfde-9021a846e1a7\" data-type=\"URL\" data-id=\"https:\/\/openlibrary.ecampusontario.ca\/fr\/item-details\/#\/9678e0aa-5b22-4ac0-bfde-9021a846e1a7\">[1]<\/a><\/p>\n\n\n\n<p class=\"has-medium-font-size\">Application d\u2019identification des arbres du territoire Haudenosaunee \u2013 Nathan Rowbottom, Six Nations Polytechnic; Nancy Gallo, Six Nations Polytechnic<\/p>\n\n\n\n<p>Lien vers la REL: <a href=\"https:\/\/openlibrary.ecampusontario.ca\/fr\/item-details\/#\/59e7b60c-c1d1-4c2b-9394-1b81e42f141d#\/\" data-type=\"URL\" data-id=\"https:\/\/openlibrary.ecampusontario.ca\/fr\/item-details\/#\/59e7b60c-c1d1-4c2b-9394-1b81e42f141d#\/\">[1]<\/a><\/p>\n\n\n\n<a class=\"btn btn-primary mt-auto\" target=\"_blank\" href=\"https:\/\/www.youtube.com\/watch?v=vfF-CxbZDCs&amp;list=PLqFEwBGIzw-BJWfA0A94IMWSvyfJd6Jms&amp;index=6\" rel=\"noopener\">Regardez maintenant<\/a>\n<\/div>\n<\/div>\n","protected":false},"excerpt":{"rendered":"<p>\u00c9largir l\u2019univers des ressources \u00e9ducatives libres (REL) cr\u00e9\u00e9es en Ontario. eCampusOntario vous invite \u00e0 la journ\u00e9e portes ouvertes de la collection de la Strat\u00e9gie d\u2019apprentissage virtuel (SAV) qui aura lieu du 1er&nbsp;au 3&nbsp;mai&nbsp;2023. Cet \u00e9v\u00e9nement virtuel de trois jours r\u00e9unira des cr\u00e9ateurs de projets qui discuteront des le\u00e7ons tir\u00e9es de leur exp\u00e9rience et de leur [&hellip;]<\/p>\n","protected":false},"author":13,"featured_media":0,"parent":0,"menu_order":0,"comment_status":"closed","ping_status":"closed","template":"","meta":{"footnotes":""},"class_list":["post-790","page","type-page","status-publish","hentry"],"_links":{"self":[{"href":"https:\/\/vlslibrary.ecampusontario.ca\/fr\/wp-json\/wp\/v2\/pages\/790","targetHints":{"allow":["GET"]}}],"collection":[{"href":"https:\/\/vlslibrary.ecampusontario.ca\/fr\/wp-json\/wp\/v2\/pages"}],"about":[{"href":"https:\/\/vlslibrary.ecampusontario.ca\/fr\/wp-json\/wp\/v2\/types\/page"}],"author":[{"embeddable":true,"href":"https:\/\/vlslibrary.ecampusontario.ca\/fr\/wp-json\/wp\/v2\/users\/13"}],"replies":[{"embeddable":true,"href":"https:\/\/vlslibrary.ecampusontario.ca\/fr\/wp-json\/wp\/v2\/comments?post=790"}],"version-history":[{"count":45,"href":"https:\/\/vlslibrary.ecampusontario.ca\/fr\/wp-json\/wp\/v2\/pages\/790\/revisions"}],"predecessor-version":[{"id":1299,"href":"https:\/\/vlslibrary.ecampusontario.ca\/fr\/wp-json\/wp\/v2\/pages\/790\/revisions\/1299"}],"wp:attachment":[{"href":"https:\/\/vlslibrary.ecampusontario.ca\/fr\/wp-json\/wp\/v2\/media?parent=790"}],"curies":[{"name":"wp","href":"https:\/\/api.w.org\/{rel}","templated":true}]}}