{"id":60,"date":"2021-12-16T10:09:51","date_gmt":"2021-12-16T10:09:51","guid":{"rendered":"https:\/\/vlslibrary.ecampusontario.ca\/vls-collection-stage-2\/"},"modified":"2026-02-24T21:01:54","modified_gmt":"2026-02-24T21:01:54","slug":"home","status":"publish","type":"page","link":"https:\/\/vlslibrary.ecampusontario.ca\/fr\/","title":{"rendered":"Accueil"},"content":{"rendered":"<section class=\"main-hero\">\n\t<div class=\"container\">\n\t\t<h4>eCampusOntario<\/h4>\n\t\t<h1>la collection de la SAV<\/h1>\n\t\t<h2><p>Ressources p\u00e9dagogiques par et pour les \u00e9tablissements postsecondaires publics de l\u2019Ontario<\/p>\n<\/h2>\n\t\t            <form class=\"vls-search\" id=\"vls-search-form\" action=\"https:\/\/vlslibrary.ecampusontario.ca\/fr\/rechercher-des-articles\/\" method=\"POST\" onsubmit=\"return vlsSearch()\">\n\t\t\t<div class=\"search-icon\">\n\t\t      <svg viewBox=\"0 0 56 56\"><path _ngcontent-ng-cli-universal-c2=\"\" d=\"M40 35.2h-2.5l-.9-.9c3.2-3.8 5-8.6 5-13.5C41.6 9.3 32.3 0 20.8 0S0 9.3 0 20.8s9.3 20.8 20.8 20.8c5.2 0 9.9-1.9 13.5-5l.9.9V40l16 16 4.8-4.8-16-16zm-19.2 0c-8 0-14.4-6.4-14.4-14.4S12.8 6.4 20.8 6.4s14.4 6.4 14.4 14.4-6.4 14.4-14.4 14.4z\"><\/path><\/svg>\n\t\t    <\/div>\n\t\t\t<input type=\"search\" name=\"k\" id=\"search-input\" class=\"form-control\" placeholder=\"Rechercher ressources\">\n\t\t\n\t\t\t<button type=\"submit\" class=\"btn btn-primary\">Search<\/button>\n\t\t\n\t<\/form>\n\t\t\t\n\t\t<p>\n\t\t\t<a href=\"https:\/\/search.ecampusontario.ca\/?itemTypes=6&amp;sourceWebsiteTypes=3&amp;sortCol=2\">\n\t\t\t\tOu consultez toutes les ressources p\u00e9dagogiques\t\t\t\t<svg xmlns=\"http:\/\/www.w3.org\/2000\/svg\" height=\"24\" viewBox=\"0 0 24 24\" width=\"24\">\n\t\t\t\t<path d=\"M0 0h24v24H0z\" fill=\"none\"\/>\n\t\t\t\t<path d=\"M10 6 8.59 7.41 13.17 12l-4.58 4.59L10 18l6-6z\"\/>\n\t\t\t\t<\/svg>\n\t\t\t<\/a>\n\t\t<\/p>\n\t<\/div>\n<\/section>\n<script type=\"text\/javascript\">\n\tfunction vlsSearch() {\n\t\tvar search_input = document.getElementById(\"search-input\").value;\n        var form_action = document.getElementById(\"vls-search-form\").action;\n\t\twindow.location = form_action+\"?itemTypes=6&itemTypes=12&sortCol=2&collections=CVLP%20Collection&collections=VLS%20Collection&k=\" + search_input;\n\t\treturn false;\n    }\n<\/script>\n\n<section id=\"about\" class=\"about-vls\">\n\t<div class=\"row\">\n\t\t<div class=\"twelve columns\">\n\t\t\t<h2>\u00c0 propos de la collection de la SAV<\/h2>\n\t\t\t<p class=\"mb-4\"><i>Mat\u00e9riel num\u00e9rique de haute qualit\u00e9, collaboratif et ax\u00e9 sur l\u2019apprenant, pour tous les apprenants et \u00e9ducateurs de l\u2019Ontario, maintenant et dans l\u2019avenir.<\/i><\/p>\n<p class=\"mb-4\">La collection de la Strat\u00e9gie d\u2019apprentissage virtuel (SAV) est le r\u00e9sultat d\u2019un investissement historique du minist\u00e8re des Coll\u00e8ges et Universit\u00e9s de l\u2019Ontario destin\u00e9 \u00e0 stimuler la croissance et l\u2019avancement de l\u2019apprentissage virtuel dans les \u00e9tablissements d\u2019enseignement postsecondaire de la province. Cette collection permet aux \u00e9ducateurs et aux apprenants admissibles de l\u2019Ontario d\u2019acc\u00e9der \u00e0 des ressources \u00e9ducatives en ligne gratuites et de haute qualit\u00e9 qui soutiennent l\u2019apprentissage hybride, tout en permettant des parcours d\u2019apprentissage permanent flexibles et en soutenant la collaboration \u00e0 l\u2019\u00e9chelle du r\u00e9seau en \u00e9largissant l\u2019acc\u00e8s des \u00e9tablissements de l\u2019Ontario au march\u00e9 mondial de l\u2019apprentissage virtuel.<\/p>\n<p>La collection de la SAV est mise \u00e0 la disposition des \u00e9ducateurs et des apprenants admissibles de l\u2019Ontario, soit par l\u2019interm\u00e9diaire des <a href=\"https:\/\/www.ecampusontario.ca\/licensing\/\" target=\"_blank\">licences Ontario Commons<\/a>, ou par un acc\u00e8s mondial gr\u00e2ce \u00e0 une licence ouverte (p. ex., licence Creative Commons).<\/p>\n\t\t<\/div>\n\t<\/div>\n<\/section>\n\n\n<section class=\"vls-framework\">\n\t<div class=\"heading-title\">\n\t\t<h2>VLS Le cadre<\/h2>\n\t\t<p>La Strat\u00e9gie d\u2019apprentissage virtuel repose sur trois piliers cl\u00e9s :<\/p>\n\t<\/div>\n\t<div class=\"row\">\n\t\t<div class=\"four columns framework-1\">\n\t\t\t<div class=\"container\">\n\t\t\t\t<div class=\"img-container\">\n\t\t\t\t\t<img decoding=\"async\" src=\"https:\/\/vlslibrary.ecampusontario.ca\/wp-content\/themes\/eco-vls-collection-portal\/images\/Framework-Being-the-Future-Icon.png\" alt=\"\">\n\t\t\t\t<\/div>\n\t\t\t\t<h3>\u00catre l\u2019avenir<\/h3>\n\t\t\t\t<p><p>Fournir du soutien sectoriel pour favoriser une coexistence continue avec l\u2019apprentissage hybride : garantir aux apprenants une \u00e9ducation de qualit\u00e9 : \u00e0 tout moment et en tout lieu. Cela exige de la qualit\u00e9 et de l\u2019innovation, de meilleures donn\u00e9es et un acc\u00e8s num\u00e9rique pour permettre l\u2019apprentissage permanent et alimenter la comp\u00e9titivit\u00e9 mondiale de l\u2019Ontario.<\/p>\n<\/p>\n\t\t\t<\/div>\n\t\t<\/div>\n\t\t<div class=\"four columns framework-2\">\n\t\t\t<div class=\"container\">\n\t\t\t\t<div class=\"img-container\">\n\t\t\t\t\t<img decoding=\"async\" src=\"https:\/\/vlslibrary.ecampusontario.ca\/wp-content\/themes\/eco-vls-collection-portal\/images\/Framework-Lifelong-Learner-Icon.png\" alt=\"\">\n\t\t\t\t<\/div>\n\t\t\t\t<h3>\u00catre un apprenant permanent<\/h3>\n\t\t\t\t<p><p>Permettre aux apprenants de r\u00e9pondre aux besoins du march\u00e9 du travail en \u00e9volution rapide \u00e0 tout moment de leur carri\u00e8re en leur fournissant du soutien et des infrastructures num\u00e9riques pour de nouvelles formations de courte dur\u00e9e.<\/p>\n<\/p>\n\t\t\t<\/div>\n\t\t<\/div>\n\t\t<div class=\"four columns framework-3\">\n\t\t\t<div class=\"container\">\n\t\t\t\t<div class=\"img-container\">\n\t\t\t\t\t<img decoding=\"async\" src=\"https:\/\/vlslibrary.ecampusontario.ca\/wp-content\/themes\/eco-vls-collection-portal\/images\/Framework-Global-Leader-Icon.png\" alt=\"\">\n\t\t\t\t<\/div>\n\t\t\t\t<h3>\u00catre un leader mondial<\/h3>\n\t\t\t\t<p><p>Renforcer le leadership de l\u2019Ontario au niveau national et mondial, en \u00e9largissant l\u2019acc\u00e8s des \u00e9tablissements ontariens au march\u00e9 mondial de l\u2019apprentissage virtuel. Nous voulons ainsi positionner l\u2019Ontario comme un leader mondial de l\u2019innovation virtuelle dans le domaine de l\u2019enseignement et de l\u2019apprentissage, y compris les entreprises ontariennes de technologie de l\u2019\u00e9ducation.<\/p>\n<\/p>\n\t\t\t<\/div>\n\t\t<\/div>\n\t\t<div class=\"twelve columns\">\n      <div class=\"btn-container\">\n\t\t\t\t<a href=\"\" target=\"_blank\" class=\"btn btn-secondary\">\n\t\t\t\t\tPour en savoir plus\t\t\t\t<\/a>\n\t\t\t<\/div>\n    <\/div>\n\t<\/div>\n<\/section>\n\n\n<section id=\"access\" class=\"ontario-commons-container\">\n\t<div class=\"row\">\n\t\t<div class=\"twelve columns\">\n\t\t\t<h2>Acc\u00e9der \u00e0 la collection de la SAV<\/h2>\n\t\t\t<p><p>La collection de la SAV est une combinaison de ressources ouvertes et restreintes. Au minimum, tous les \u00e9tablissements postsecondaires publics de l\u2019Ontario peuvent acc\u00e9der \u00e0 la collection de la SAV par l\u2019interm\u00e9diaire des <a href=\"https:\/\/www.ecampusontario.ca\/licensing\/\" target=\"_blank\">licences Ontario Commons<\/a>. Un compte est n\u00e9cessaire pour lire ou t\u00e9l\u00e9charger ces ressources.<\/p>\n<\/p>\n\t\t\t<div class=\"ontario-commons-table-container\">\n\t\t\t\t<div class=\"ontario-commons-table\">\n\t\t\t\t\t<table class=\"table\">\n\t\t\t\t\t\t<thead>\n\t\t\t\t\t\t\t<tr>\n\t\t\t\t\t\t\t\t<th class=\"th-left\">Conditions d\u2019utilisation et de r\u00e9utilisation<\/th>\n\t\t\t\t\t\t\t\t<th class=\"th-center\">Licence Creative Commons de l\u2019Ontario (OCL 1.0)<\/th>\n\t\t\t\t\t\t\t\t<th class=\"th-right\">Licence Creative Commons de l\u2019Ontario \u2013 Sans \u0153uvre d\u00e9riv\u00e9e (OCL-ND 1.0)<\/th>\n\t\t\t\t\t\t\t<\/tr>\n\t\t\t\t\t\t<\/thead>\n\t\t\t\t\t\t<tbody>\n\t\t\t\t\t\t\t<tr>\n\t\t\t\t\t\t\t\t<td>N\u2019utiliser que dans le cadre d\u2019un cours ou d\u2019un programme cr\u00e9dit\u00e9 ou non cr\u00e9dit\u00e9 offert au public<\/td>\n\t\t\t\t\t\t\t\t<td class=\"center\">\n\t\t\t\t\t\t\t\t<svg xmlns=\"http:\/\/www.w3.org\/2000\/svg\" height=\"36\" viewBox=\"0 0 24 24\" width=\"36\">\n\t\t\t\t\t\t\t\t<path d=\"M0 0h24v24H0z\" fill=\"none\"\/>\n\t\t\t\t\t\t\t\t<path d=\"M12 2C6.48 2 2 6.48 2 12s4.48 10 10 10 10-4.48 10-10S17.52 2 12 2zm-2 15-5-5 1.41-1.41L10 14.17l7.59-7.59L19 8l-9 9z\"\/>\n\t\t\t\t\t\t\t\t<\/svg>\n\t\t\t\t\t\t\t\t<\/td>\n\t\t\t\t\t\t\t\t<td class=\"center\">\n\t\t\t\t\t\t\t\t<svg xmlns=\"http:\/\/www.w3.org\/2000\/svg\" height=\"36\" viewBox=\"0 0 24 24\" width=\"36\">\n\t\t\t\t\t\t\t\t<path d=\"M0 0h24v24H0z\" fill=\"none\"\/>\n\t\t\t\t\t\t\t\t<path d=\"M12 2C6.48 2 2 6.48 2 12s4.48 10 10 10 10-4.48 10-10S17.52 2 12 2zm-2 15-5-5 1.41-1.41L10 14.17l7.59-7.59L19 8l-9 9z\"\/>\n\t\t\t\t\t\t\t\t<\/svg>\n\t\t\t\t\t\t\t\t<\/td>\n\t\t\t\t\t\t\t<\/tr>\n\t\t\t\t\t\t\t<tr>\n\t\t\t\t\t\t\t\t<td>Le cr\u00e9dit ou l\u2019attribution doit \u00eatre donn\u00e9 \u00e0 l\u2019auteur ou aux auteurs originaux<\/td>\n\t\t\t\t\t\t\t\t<td class=\"center\">\n\t\t\t\t\t\t\t\t<svg xmlns=\"http:\/\/www.w3.org\/2000\/svg\" height=\"36\" viewBox=\"0 0 24 24\" width=\"36\">\n\t\t\t\t\t\t\t\t<path d=\"M0 0h24v24H0z\" fill=\"none\"\/>\n\t\t\t\t\t\t\t\t<path d=\"M12 2C6.48 2 2 6.48 2 12s4.48 10 10 10 10-4.48 10-10S17.52 2 12 2zm-2 15-5-5 1.41-1.41L10 14.17l7.59-7.59L19 8l-9 9z\"\/>\n\t\t\t\t\t\t\t\t<\/svg>\n\t\t\t\t\t\t\t\t<\/td>\n\t\t\t\t\t\t\t\t<td class=\"center\">\n\t\t\t\t\t\t\t\t<svg xmlns=\"http:\/\/www.w3.org\/2000\/svg\" height=\"36\" viewBox=\"0 0 24 24\" width=\"36\">\n\t\t\t\t\t\t\t\t<path d=\"M0 0h24v24H0z\" fill=\"none\"\/>\n\t\t\t\t\t\t\t\t<path d=\"M12 2C6.48 2 2 6.48 2 12s4.48 10 10 10 10-4.48 10-10S17.52 2 12 2zm-2 15-5-5 1.41-1.41L10 14.17l7.59-7.59L19 8l-9 9z\"\/>\n\t\t\t\t\t\t\t\t<\/svg>\n\t\t\t\t\t\t\t\t<\/td>\n\t\t\t\t\t\t\t<\/tr>\n\t\t\t\t\t\t\t<tr>\n\t\t\t\t\t\t\t\t<td>Peut copier le travail<\/td>\n\t\t\t\t\t\t\t\t<td class=\"center\">\n\t\t\t\t\t\t\t\t<svg xmlns=\"http:\/\/www.w3.org\/2000\/svg\" height=\"36\" viewBox=\"0 0 24 24\" width=\"36\">\n\t\t\t\t\t\t\t\t<path d=\"M0 0h24v24H0z\" fill=\"none\"\/>\n\t\t\t\t\t\t\t\t<path d=\"M12 2C6.48 2 2 6.48 2 12s4.48 10 10 10 10-4.48 10-10S17.52 2 12 2zm-2 15-5-5 1.41-1.41L10 14.17l7.59-7.59L19 8l-9 9z\"\/>\n\t\t\t\t\t\t\t\t<\/svg>\n\t\t\t\t\t\t\t\t<\/td>\n\t\t\t\t\t\t\t\t<td class=\"center\">\n\t\t\t\t\t\t\t\t<svg xmlns=\"http:\/\/www.w3.org\/2000\/svg\" height=\"36\" viewBox=\"0 0 24 24\" width=\"36\">\n\t\t\t\t\t\t\t\t<path d=\"M0 0h24v24H0z\" fill=\"none\"\/>\n\t\t\t\t\t\t\t\t<path d=\"M12 2C6.48 2 2 6.48 2 12s4.48 10 10 10 10-4.48 10-10S17.52 2 12 2zm-2 15-5-5 1.41-1.41L10 14.17l7.59-7.59L19 8l-9 9z\"\/>\n\t\t\t\t\t\t\t\t<\/svg>\n\t\t\t\t\t\t\t\t<\/td>\n\t\t\t\t\t\t\t<\/tr>\n\t\t\t\t\t\t\t<tr>\n\t\t\t\t\t\t\t\t<td>Peut modifier ou adapter le travail<\/td>\n\t\t\t\t\t\t\t\t<td class=\"center\">\n\t\t\t\t\t\t\t\t<svg xmlns=\"http:\/\/www.w3.org\/2000\/svg\" height=\"36\" viewBox=\"0 0 24 24\" width=\"36\">\n\t\t\t\t\t\t\t\t<path d=\"M0 0h24v24H0z\" fill=\"none\"\/>\n\t\t\t\t\t\t\t\t<path d=\"M12 2C6.48 2 2 6.48 2 12s4.48 10 10 10 10-4.48 10-10S17.52 2 12 2zm-2 15-5-5 1.41-1.41L10 14.17l7.59-7.59L19 8l-9 9z\"\/>\n\t\t\t\t\t\t\t\t<\/svg>\n\t\t\t\t\t\t\t\t<\/td>\n\t\t\t\t\t\t\t\t<td class=\"td-bottom-right center\">\n\t\t\t\t\t\t\t\t<svg xmlns=\"http:\/\/www.w3.org\/2000\/svg\" height=\"36\" viewBox=\"0 0 24 24\" width=\"36\">\n\t\t\t\t\t\t\t\t<path d=\"M0 0h24v24H0z\" fill=\"none\"\/>\n\t\t\t\t\t\t\t\t<path d=\"M12 2C6.47 2 2 6.47 2 12s4.47 10 10 10 10-4.47 10-10S17.53 2 12 2zm5 13.59L15.59 17 12 13.41 8.41 17 7 15.59 10.59 12 7 8.41 8.41 7 12 10.59 15.59 7 17 8.41 13.41 12 17 15.59z\"\/>\n\t\t\t\t\t\t\t\t<\/svg>\n\t\t\t\t\t\t\t\t<\/td>\n\t\t\t\t\t\t\t<\/tr>\n\t\t\t\t\t\t<\/tbody>\n\t\t\t\t\t<\/table>\n\t\t\t\t<\/div>\n\t\t\t<\/div>\n\t\t\t<p><p>Veuillez consulter le code de licence publi\u00e9 sur la page de d\u00e9tail de la ressource sp\u00e9cifique pour en savoir plus sur les autorisations accord\u00e9es dans le cadre d\u2019une licence ouverte. Le code de licence est toujours accompagn\u00e9 d\u2019un hyperlien vers les conditions d\u2019origine, pour votre information et votre commodit\u00e9.<\/p>\n<p><a href=\"https:\/\/vlslibrary.ecampusontario.ca\/fr\/rechercher-des-articles\/\" target=\"_blank\">Parcourir les ressources de la collection SAV<\/a> <\/p>\n<\/p>\n\t\t<\/div>\n\t<\/div>\n<\/section>\n\n\n\n<p><\/p>\n\n\n<section id=\"faq\" class=\"faq-container\">\n    <h2>Foire aux questions<\/h2>\n    \t\t\t\t\t\t    <div class=\"accordion\">\n\t\t\t      <input type=\"checkbox\" id=\"chck1\">\n\t\t\t      <label class=\"accordion-label\" for=\"chck1\">Comment fournir un fichier mis \u00e0 jour apr\u00e8s avoir soumis mon projet?<\/label>\n\t\t\t      <div class=\"accordion-content\"><!-- wp:paragraph -->\n<p>Veuillez utiliser <a href=\"https:\/\/vlslibrary.ecampusontario.ca\/fr\/submission-update-form\/\">ce formulaire<\/a> pour signaler les mises \u00e0 jour ou les ajouts de fichiers dans vos soumissions.<\/p>\n<!-- \/wp:paragraph --><\/div>\n\t\t\t      <div class=\"collapse-icon\">\n\t\t\t        <svg xmlns=\"http:\/\/www.w3.org\/2000\/svg\" height=\"24\" width=\"24\">\n\t\t\t          <path d=\"M0 0h24v24H0z\" fill=\"none\"\/>\n\t\t\t          <path d=\"M16.59 8.59 12 13.17 7.41 8.59 6 10l6 6 6-6z\"\/>\n\t\t\t        <\/svg>\n\t\t\t      <\/div>\n\t\t\t    <\/div>\n\t\t\t\t\t\t    <div class=\"accordion\">\n\t\t\t      <input type=\"checkbox\" id=\"chck2\">\n\t\t\t      <label class=\"accordion-label\" for=\"chck2\">Qu\u2019est-ce que la licence Commons de l\u2019Ontario, et puis-je appliquer une licence Creative Commons \u00e0 mon projet?<\/label>\n\t\t\t      <div class=\"accordion-content\"><!-- wp:paragraph -->\n<p>Les produits d\u00e9velopp\u00e9s gr\u00e2ce au financement de la SAV doivent \u00eatre mis \u00e0 la disposition de tous les \u00e9tablissements d\u2019enseignement postsecondaire au moins \u00e0 l\u2019\u00e9chelle de l\u2019Ontario \u00e0 l\u2019aide de la licence Commons de l\u2019Ontario. Les droits d\u2019auteur demeurent la propri\u00e9t\u00e9 des cr\u00e9ateurs. En fait, vous permettez \u00e0 eCampusOntario de distribuer ce contenu gratuitement dans tout le secteur de l\u2019enseignement sup\u00e9rieur en Ontario (coll\u00e8ges, instituts autochtones, universit\u00e9s). La SAV aide le secteur de l\u2019enseignement sup\u00e9rieur de l\u2019Ontario \u00e0 collaborer et \u00e0 cr\u00e9er du contenu d\u2019enseignement pouvant \u00eatre utilis\u00e9 par tous les \u00e9tablissements d\u2019enseignement sup\u00e9rieur de l\u2019Ontario, ce qui aidera les coll\u00e8ges, instituts autochtones et universit\u00e9s \u00e0 offrir le meilleur enseignement en ligne aux \u00e9tudiants de l\u2019Ontario. Vous pouvez choisir une licence suppl\u00e9mentaire (comme Creative Commons) pour pouvoir publier votre travail en dehors de l\u2019Ontario. Vous pouvez consulter les d\u00e9tails complets de la licence Commons de l\u2019Ontario ici : <a href=\"https:\/\/www.ecampusontario.ca\/fr\/licensing\/\">https:\/\/www.ecampusontario.ca\/fr\/licensing\/<\/a><\/p>\n<!-- \/wp:paragraph --><\/div>\n\t\t\t      <div class=\"collapse-icon\">\n\t\t\t        <svg xmlns=\"http:\/\/www.w3.org\/2000\/svg\" height=\"24\" width=\"24\">\n\t\t\t          <path d=\"M0 0h24v24H0z\" fill=\"none\"\/>\n\t\t\t          <path d=\"M16.59 8.59 12 13.17 7.41 8.59 6 10l6 6 6-6z\"\/>\n\t\t\t        <\/svg>\n\t\t\t      <\/div>\n\t\t\t    <\/div>\n\t\t\t\t\t\t    <div class=\"accordion\">\n\t\t\t      <input type=\"checkbox\" id=\"chck3\">\n\t\t\t      <label class=\"accordion-label\" for=\"chck3\">Comment puis-je marquer mon projet de la SAV avec une licence Ontario Commons (ou Sans \u0153uvre d\u00e9riv\u00e9e) dans le studio H5P d\u2019eCampusOntario?<\/label>\n\t\t\t      <div class=\"accordion-content\"><!-- wp:paragraph {\"translatedWithWPMLTM\":\"1\"} -->\n<p>1. Les instructions pour marquer votre contenu H5P dans le studio H5P d\u2019eCampusOntario avec une licence Ontario Commons ou une Licence Ontario Commons \u2013 Sans \u0153uvre d\u00e9riv\u00e9e sont fournies dans <a href=\"https:\/\/vlslibrary.ecampusontario.ca\/wp-content\/uploads\/sites\/4\/2022\/02\/AddingOCLH5PStudio_OpenLibrary.docx\">le document Ajout de licences dans le studio H5P d\u2019eCampusOntario<\/a>. <\/p>\n<!-- \/wp:paragraph --><!-- wp:paragraph {\"translatedWithWPMLTM\":\"1\"} -->\n<p>2. Veuillez noter que vous pouvez toujours ajouter votre licence \u00e0 votre contenu H5P m\u00eame apr\u00e8s l\u2019avoir soumis. Nous mettrons \u00e9galement \u00e0 jour votre s\u00e9lection de licence dans le studio H5P d\u2019eCampusOntario lors du catalogage de votre ressource si vous ne l\u2019avez pas fait. We will also update your license selection in the eCampusOntario H5P Studio while cataloguing your resource if you have not done so.<\/p>\n<!-- \/wp:paragraph --><\/div>\n\t\t\t      <div class=\"collapse-icon\">\n\t\t\t        <svg xmlns=\"http:\/\/www.w3.org\/2000\/svg\" height=\"24\" width=\"24\">\n\t\t\t          <path d=\"M0 0h24v24H0z\" fill=\"none\"\/>\n\t\t\t          <path d=\"M16.59 8.59 12 13.17 7.41 8.59 6 10l6 6 6-6z\"\/>\n\t\t\t        <\/svg>\n\t\t\t      <\/div>\n\t\t\t    <\/div>\n\t\t\t\t\t\t    <div class=\"accordion\">\n\t\t\t      <input type=\"checkbox\" id=\"chck4\">\n\t\t\t      <label class=\"accordion-label\" for=\"chck4\">Comment puis-je marquer mon projet de la SAV avec une licence Ontario Commons (ou Sans \u0153uvre d\u00e9riv\u00e9e) dans l\u2019instance Pressbooks d\u2019eCampusOntario?<\/label>\n\t\t\t      <div class=\"accordion-content\"><!-- wp:paragraph {\"translatedWithWPMLTM\":\"1\"} -->\n<p>1. Les instructions pour marquer votre livre num\u00e9rique Pressbooks avec une licence Ontario Commons ou une Licence Ontario Commons \u2013 Sans \u0153uvre d\u00e9riv\u00e9e sont fournies dans <a href=\"https:\/\/vlslibrary.ecampusontario.ca\/wp-content\/uploads\/sites\/4\/2022\/02\/AddingOCLPressbooks_OpenLibrary.docx\">le document Ajout de licences Ontario Commons dans Pressbooks<\/a>. <\/p>\n<!-- \/wp:paragraph --><!-- wp:paragraph {\"translatedWithWPMLTM\":\"1\"} -->\n<p>Veuillez noter que vous pouvez toujours ajouter votre licence \u00e0 votre ressource dans Pressbooks m\u00eame apr\u00e8s l\u2019avoir soumise. Nous mettrons \u00e9galement \u00e0 jour votre s\u00e9lection de licence dans Pressbooks lors du catalogage de votre ressource si vous ne l\u2019avez pas fait. We will also update your license selection in Pressbooks while cataloguing your resource if you have not done so. <\/p>\n<!-- \/wp:paragraph --><\/div>\n\t\t\t      <div class=\"collapse-icon\">\n\t\t\t        <svg xmlns=\"http:\/\/www.w3.org\/2000\/svg\" height=\"24\" width=\"24\">\n\t\t\t          <path d=\"M0 0h24v24H0z\" fill=\"none\"\/>\n\t\t\t          <path d=\"M16.59 8.59 12 13.17 7.41 8.59 6 10l6 6 6-6z\"\/>\n\t\t\t        <\/svg>\n\t\t\t      <\/div>\n\t\t\t    <\/div>\n\t\t\t\t\t\t    <div class=\"accordion\">\n\t\t\t      <input type=\"checkbox\" id=\"chck5\">\n\t\t\t      <label class=\"accordion-label\" for=\"chck5\">Comment serais-je inform\u00e9 que ma ressource a \u00e9t\u00e9 catalogu\u00e9e et est accessible dans la Biblioth\u00e8que libre?<\/label>\n\t\t\t      <div class=\"accordion-content\"><!-- wp:paragraph -->\n<p>Vous recevrez un courriel de confirmation une fois que votre ressource aura \u00e9t\u00e9 ajout\u00e9e au catalogue. Veuillez pr\u00e9voir jusqu\u2019\u00e0 60 jours ouvrables pour que votre demande soit \u00e9valu\u00e9e et catalogu\u00e9e. <\/p>\n<!-- \/wp:paragraph --><\/div>\n\t\t\t      <div class=\"collapse-icon\">\n\t\t\t        <svg xmlns=\"http:\/\/www.w3.org\/2000\/svg\" height=\"24\" width=\"24\">\n\t\t\t          <path d=\"M0 0h24v24H0z\" fill=\"none\"\/>\n\t\t\t          <path d=\"M16.59 8.59 12 13.17 7.41 8.59 6 10l6 6 6-6z\"\/>\n\t\t\t        <\/svg>\n\t\t\t      <\/div>\n\t\t\t    <\/div>\n\t\t\t\n\t\t\n\t\n    <div class=\"faq-bottom\">\n      <p>\n      \t<p>Vous ne trouvez pas la r\u00e9ponse \u00e0 votre question? <a href=\"https:\/\/vls.ecampusontario.ca\/wp-content\/uploads\/2021\/06\/Frequently-Asked-Questions_Foire-aux-questions_06-16-final.pdf\" target=\"_blank\">Voir les anciennes FAQ de la SAV<\/a> ou <a href=\"#\" id=\"open-contact-modal\">Nous joindre<\/a><\/p>\n      <\/p>\n    <\/div>\n<\/section>\n\n\n\n<div id=\"contact-modal\" style=\"display:none; position:fixed; inset:0; background:rgba(0,0,0,0.6); z-index:9999; align-items:center; justify-content:center;\">\n  <div style=\"background:#fff; padding:2rem; max-width:600px; width:90%; max-height:85vh; overflow-y:auto; border-radius:8px; position:relative;\">\n    <button id=\"close-contact-modal\"\n            style=\"position:absolute; top:1rem; right:1rem; background:none; border:none; font-size:1.5rem; cursor:pointer;\">\u2715<\/button>\n    <h2>Nous joindre<\/h2>\n    <div class=\"frm_forms  with_frm_style frm_style_formidable-style\" id=\"frm_form_1_container\" >\n<form enctype=\"multipart\/form-data\" method=\"post\" class=\"frm-show-form  frm_pro_form \" id=\"form_contact-form\" >\n<div class=\"frm_form_fields \">\n<fieldset>\n<legend class=\"frm_screen_reader\">Contact Us<\/legend>\r\n\r\n<div class=\"frm_fields_container\">\n<input type=\"hidden\" name=\"frm_action\" value=\"create\" \/>\n<input type=\"hidden\" name=\"form_id\" value=\"1\" \/>\n<input type=\"hidden\" name=\"frm_hide_fields_1\" id=\"frm_hide_fields_1\" value=\"\" \/>\n<input type=\"hidden\" name=\"form_key\" value=\"contact-form\" \/>\n<input type=\"hidden\" name=\"item_meta[0]\" value=\"\" \/>\n<input type=\"hidden\" id=\"frm_submit_entry_1\" name=\"frm_submit_entry_1\" value=\"18e368e30f\" \/><input type=\"hidden\" name=\"_wp_http_referer\" value=\"\/fr\/wp-json\/wp\/v2\/pages\/60\" \/><div id=\"frm_field_1_container\" class=\"frm_form_field form-field  frm_required_field frm_top_container frm_first frm_half\">\r\n    <label for=\"field_qh4icy\" id=\"field_qh4icy_label\" class=\"frm_primary_label\">Pr\u00e9nom\r\n        <span class=\"frm_required\" aria-hidden=\"true\">*<\/span>\r\n    <\/label>\r\n    <input  type=\"text\" id=\"field_qh4icy\" name=\"item_meta[1]\" value=\"\"  data-reqmsg=\"Ce champ ne peut pas \u00eatre vide\" aria-required=\"true\" data-invmsg=\"Name is invalid\" aria-invalid=\"false\"   \/>\r\n    \r\n    \r\n<\/div>\n<div id=\"frm_field_2_container\" class=\"frm_form_field form-field  frm_required_field frm_top_container frm_half\">\r\n    <label for=\"field_ocfup1\" id=\"field_ocfup1_label\" class=\"frm_primary_label\">Nom de famille\r\n        <span class=\"frm_required\" aria-hidden=\"true\">*<\/span>\r\n    <\/label>\r\n    <input  type=\"text\" id=\"field_ocfup1\" name=\"item_meta[2]\" value=\"\"  data-reqmsg=\"Ce champ ne peut pas \u00eatre vide\" aria-required=\"true\" data-invmsg=\"Last is invalid\" aria-invalid=\"false\"   \/>\r\n    \r\n    \r\n<\/div>\n<div id=\"frm_field_3_container\" class=\"frm_form_field form-field  frm_required_field frm_top_container frm_full\">\r\n    <label for=\"field_29yf4d\" id=\"field_29yf4d_label\" class=\"frm_primary_label\">Courriel\r\n        <span class=\"frm_required\" aria-hidden=\"true\">*<\/span>\r\n    <\/label>\r\n    <input type=\"email\" id=\"field_29yf4d\" name=\"item_meta[3]\" value=\"\"  data-reqmsg=\"Courriel cannot be blank.\" aria-required=\"true\" data-invmsg=\"Please enter a valid email address\" aria-invalid=\"false\"  \/>\r\n    \r\n    \r\n<\/div>\n<div id=\"frm_field_4_container\" class=\"frm_form_field form-field  frm_required_field frm_top_container frm_full\">\r\n    <label for=\"field_e6lis6\" id=\"field_e6lis6_label\" class=\"frm_primary_label\">Sujet\r\n        <span class=\"frm_required\" aria-hidden=\"true\">*<\/span>\r\n    <\/label>\r\n    <input  type=\"text\" id=\"field_e6lis6\" name=\"item_meta[4]\" value=\"\"  data-reqmsg=\"Sujet cannot be blank.\" aria-required=\"true\" data-invmsg=\"Sujet est non valide\" aria-invalid=\"false\"   \/>\r\n    \r\n    \r\n<\/div>\n<div id=\"frm_field_5_container\" class=\"frm_form_field form-field  frm_required_field frm_top_container frm_full\">\r\n    <label for=\"field_9jv0r1\" id=\"field_9jv0r1_label\" class=\"frm_primary_label\">Message\r\n        <span class=\"frm_required\" aria-hidden=\"true\">*<\/span>\r\n    <\/label>\r\n    <textarea name=\"item_meta[5]\" id=\"field_9jv0r1\" rows=\"5\"  data-reqmsg=\"Message cannot be blank.\" aria-required=\"true\" data-invmsg=\"Message est non valide\" aria-invalid=\"false\"  ><\/textarea>\r\n    \r\n    \r\n<\/div>\n<div id=\"frm_field_47_container\" class=\"frm_form_field form-field  frm_none_container\">\r\n    <label for=\"g-recaptcha-response\" id=\"field_wqllg_label\" class=\"frm_primary_label\">reCAPTCHA\r\n        <span class=\"frm_required\" aria-hidden=\"true\"><\/span>\r\n    <\/label>\r\n    <div  id=\"field_wqllg\" class=\"frm-g-recaptcha\" data-sitekey=\"6Lcuv9AeAAAAAMVsBoy7Ab43xfE4GgqNA7604H4V\" data-size=\"normal\" data-theme=\"light\"><\/div>\r\n    \r\n    \r\n<\/div>\n<div id=\"frm_field_62_container\" class=\"frm_form_field form-field \">\r\n\t<div class=\"frm_submit\">\r\n\r\n<button class=\"frm_button_submit frm_final_submit\" type=\"submit\"  formnovalidate=\"formnovalidate\">Soumettre<\/button>\r\n\r\n<\/div>\r\n<\/div>\n\t<input type=\"hidden\" name=\"item_key\" value=\"\" \/>\n\t\t\t<div id=\"frm_field_63_container\">\n\t\t\t<label for=\"field_seq8u\" >\n\t\t\t\tSi vous \u00eates un humain, ne remplissez pas ce champ.\t\t\t<\/label>\n\t\t\t<input  id=\"field_seq8u\" type=\"text\" class=\"frm_form_field form-field frm_verify\" name=\"item_meta[63]\" value=\"\"  \/>\n\t\t<\/div>\n\t\t<input name=\"frm_state\" type=\"hidden\" value=\"MQs3WVS8jQU8S593\/9pUZyJvdOVMT18H1H8PQVNJfQyPdnKxyTbdb\/QAPvrcUDBW\" \/><\/div>\n<\/fieldset>\n<\/div>\n\n<\/form>\n<\/div>\n\n  <\/div>\n<\/div>\n","protected":false},"excerpt":{"rendered":"<p>\u2715 Nous joindre<\/p>\n","protected":false},"author":2,"featured_media":0,"parent":0,"menu_order":0,"comment_status":"closed","ping_status":"closed","template":"page-template\/home.php","meta":{"footnotes":""},"class_list":["post-60","page","type-page","status-publish","hentry"],"_links":{"self":[{"href":"https:\/\/vlslibrary.ecampusontario.ca\/fr\/wp-json\/wp\/v2\/pages\/60","targetHints":{"allow":["GET"]}}],"collection":[{"href":"https:\/\/vlslibrary.ecampusontario.ca\/fr\/wp-json\/wp\/v2\/pages"}],"about":[{"href":"https:\/\/vlslibrary.ecampusontario.ca\/fr\/wp-json\/wp\/v2\/types\/page"}],"author":[{"embeddable":true,"href":"https:\/\/vlslibrary.ecampusontario.ca\/fr\/wp-json\/wp\/v2\/users\/2"}],"replies":[{"embeddable":true,"href":"https:\/\/vlslibrary.ecampusontario.ca\/fr\/wp-json\/wp\/v2\/comments?post=60"}],"version-history":[{"count":28,"href":"https:\/\/vlslibrary.ecampusontario.ca\/fr\/wp-json\/wp\/v2\/pages\/60\/revisions"}],"predecessor-version":[{"id":1421,"href":"https:\/\/vlslibrary.ecampusontario.ca\/fr\/wp-json\/wp\/v2\/pages\/60\/revisions\/1421"}],"wp:attachment":[{"href":"https:\/\/vlslibrary.ecampusontario.ca\/fr\/wp-json\/wp\/v2\/media?parent=60"}],"curies":[{"name":"wp","href":"https:\/\/api.w.org\/{rel}","templated":true}]}}